{"id":94,"date":"2023-10-13T09:42:31","date_gmt":"2023-10-13T09:42:31","guid":{"rendered":"https:\/\/petschool.ai\/?page_id=94"},"modified":"2023-11-07T16:43:23","modified_gmt":"2023-11-07T16:43:23","slug":"dogs","status":"publish","type":"page","link":"https:\/\/petschool.ai\/de\/dogs\/","title":{"rendered":"Hunde: Alles zum Thema Hundeerziehung mit petschool.ai"},"content":{"rendered":"<p>[et_pb_section fb_built=\u201d1\u2033 _builder_version=\u201d4.22.2\u2033 _module_preset=\u201ddefault\u201d global_colors_info=\u201d{}\u201d][et_pb_row _builder_version=\u201d4.22.2\u2033 _module_preset=\u201ddefault\u201d global_colors_info=\u201d{}\u201d][et_pb_column type=\u201d4_4\u2033 _builder_version=\u201d4.22.2\u2033 _module_preset=\u201ddefault\u201d global_colors_info=\u201d{}\u201d][et_pb_heading title=\u201dHundetraining mit petschool.ai\u201d _builder_version=\u201d4.22.2\u2033 _module_preset=\u201ddefault\u201d title_font=\u201d|700|||||||\u201d title_font_size=\u201d36px\u201d global_colors_info=\u201d{}\u201d][\/et_pb_heading][\/et_pb_column][\/et_pb_row][et_pb_row column_structure=\u201d1_2,1_2\u2033 _builder_version=\u201d4.22.2\u2033 _module_preset=\u201ddefault\u201d global_colors_info=\u201d{}\u201d][et_pb_column type=\u201d1_2\u2033 _builder_version=\u201d4.22.2\u2033 _module_preset=\u201ddefault\u201d global_colors_info=\u201d{}\u201d][et_pb_text _builder_version=\u201d4.22.2\u2033 _module_preset=\u201ddefault\u201d global_colors_info=\u201d{}\u201d]<\/p>\n<p>Bei <a href=\"https:\/\/petschool.ai\/de\/\">petschool.ai<\/a>Wir sind stolz auf unsere umfangreiche Datenbank, die eine gro\u00dfe Auswahl an beliebten und seltenen Hunderassen abdeckt. Wir st\u00fctzen uns auf ma\u00dfgebliche Quellen wie den American Kennel Club (AKC), den United Kennel Club (UKC) und die F\u00e9d\u00e9ration Cynologique Internationale (FCI) und sind in der Lage, ma\u00dfgeschneiderte Trainingsberatung zu bieten, unabh\u00e4ngig davon, ob Sie stolzer Besitzer eines Hundes sind weithin anerkannte Rasse wie die <a href=\"https:\/\/petschool.ai\/de\/labrador-retriever\/\">Golden Retriever<\/a> oder eine ungew\u00f6hnlichere Rasse wie der Azawakh. Unser Ziel ist es, sicherzustellen, dass jeder Hund, unabh\u00e4ngig von seiner Rasse, die beste Trainingsanleitung erh\u00e4lt, um ein gl\u00fcckliches und erf\u00fclltes Leben zu f\u00fchren.<\/p>\n<p>&nbsp;<\/p>\n<p>[\/et_pb_text][\/et_pb_column][et_pb_column type=\u201d1_2\u2033 _builder_version=\u201d4.22.2\u2033 _module_preset=\u201ddefault\u201d global_colors_info=\u201d{}\u201d][et_pb_image src=\u201dhttp:\/\/petschool.ai\/wp-content\/uploads\/2023\/10\/DALL\u00b7E-2023-10-13-11.20.41-Photograph-of-an-alert-dog-staring-intently-at-something-in-the-distance.-The-image-is-captured-with-a-50mm-lens-emphasizing-the-dogs-features-with-.jpg\u201d alt=\u201dDALL\u00b7E 2023-10-13 11.20.41 \u2013 Foto eines aufmerksamen Hundes, der aufmerksam auf etwas in der Ferne starrt. Das Bild wurde mit einem 50-mm-Objektiv aufgenommen, wodurch die Gesichtsz\u00fcge des Hundes hervorgehoben werden. \u201etitle_text=\u201cDALL\u00b7E 2023-10-13 11.20.41 \u2013 Foto eines aufmerksamen Hundes, der aufmerksam auf etwas in der Ferne starrt. Das Bild wurde mit einem 50-mm-Objektiv aufgenommen und betont die Gesichtsz\u00fcge des Hundes mit\u201d _builder_version=\u201d4.22.2\u2033 _module_preset=\u201ddefault\u201d global_colors_info=\u201d{}\u201d][\/et_pb_image][\/et_pb_column][\/et_pb_row][et_pb_row _builder_version=\u201d4.23\u2033 _module_preset=\u201ddefault\u201d][et_pb_column _builder_version=\u201d4.23\u2033 _module_preset=\u201ddefault\u201d type=\u201d4_4\u2033][et_pb_heading title=\u201dWillkommen bei petschool.ai\u201d _builder_version=\u201d4.23\u2033 _module_preset=\u201ddefault\u201d hover_enabled=\u201d0\u2033 sticky_enabled=\u201d0\u2033][\/et_pb_heading][et_pb_text _builder_version=\u201d4.23\u2033 _module_preset=\u201ddefault\u201d hover_enabled=\u201d0\u2033 sticky_enabled=\u201d0\u2033]<\/p>\n<p>Entdecken Sie das Geheimnis, wie Sie das volle Potenzial Ihres Hundes entfalten k\u00f6nnen, mit petschool.ai, der ultimativen Adresse f\u00fcr effektive und innovative Hundetrainingsl\u00f6sungen. Von widerspenstigem Verhalten bis hin zu Gehorsamsherausforderungen sind wir hier, um Ihren Welpen in einen gut erzogenen und fr\u00f6hlichen Begleiter zu verwandeln.<\/p>\n<p>Stellen Sie sich eine Welt vor, in der Ihr pelziger Freund ruhig an Ihrer Seite geht, m\u00fchelos Ihren Befehlen gehorcht und zum Neid aller Tierbesitzer in der Nachbarschaft wird. Mit petschool.ai kann dieser Traum Wirklichkeit werden.<\/p>\n<p>Unsere umfassende Plattform st\u00fctzt sich auf eine F\u00fclle an Wissen und Fachwissen, das von renommierten Organisationen wie dem American Kennel Club (AKC), dem United Kennel Club (UKC) und der F\u00e9d\u00e9ration Cynologique Internationale (FCI) stammt. Wir bieten ma\u00dfgeschneiderte Trainingsberatung f\u00fcr eine Vielzahl von Rassen und stellen sicher, dass kein Welpe zur\u00fcckbleibt.<\/p>\n<p>Ganz gleich, ob Sie mit hartn\u00e4ckigem Verhalten, endlosem Bellen oder dem Ziehen an der Leine zu k\u00e4mpfen haben \u2013 unsere bew\u00e4hrten Techniken und Schritt-f\u00fcr-Schritt-Anleitungen helfen Ihnen, jede Herausforderung zu meistern. Verabschieden Sie sich von der Frustration und begr\u00fc\u00dfen Sie eine harmonische Beziehung zu Ihrem vierbeinigen Begleiter.<\/p>\n<p>[\/et_pb_text][\/et_pb_column][\/et_pb_row][\/et_pb_section]<\/p>","protected":false},"excerpt":{"rendered":"<p>Bei petschool.ai sind wir stolz auf unsere umfangreiche Datenbank, die eine gro\u00dfe Auswahl an beliebten und seltenen Hunderassen abdeckt. Da wir auf ma\u00dfgebliche Quellen wie den American Kennel Club (AKC), den United Kennel Club (UKC) und die F\u00e9d\u00e9ration Cynologique Internationale (FCI) zur\u00fcckgreifen, sind wir in der Lage, ma\u00dfgeschneiderte Trainingsratschl\u00e4ge zu geben, egal ob Sie stolzer Besitzer eines [\u2026] sind.<\/p>","protected":false},"author":1,"featured_media":0,"parent":0,"menu_order":0,"comment_status":"closed","ping_status":"closed","template":"","meta":{"_et_pb_use_builder":"on","_et_pb_old_content":"","_et_gb_content_width":"","footnotes":""},"class_list":["post-94","page","type-page","status-publish","hentry"],"_links":{"self":[{"href":"https:\/\/petschool.ai\/de\/wp-json\/wp\/v2\/pages\/94","targetHints":{"allow":["GET"]}}],"collection":[{"href":"https:\/\/petschool.ai\/de\/wp-json\/wp\/v2\/pages"}],"about":[{"href":"https:\/\/petschool.ai\/de\/wp-json\/wp\/v2\/types\/page"}],"author":[{"embeddable":true,"href":"https:\/\/petschool.ai\/de\/wp-json\/wp\/v2\/users\/1"}],"replies":[{"embeddable":true,"href":"https:\/\/petschool.ai\/de\/wp-json\/wp\/v2\/comments?post=94"}],"version-history":[{"count":5,"href":"https:\/\/petschool.ai\/de\/wp-json\/wp\/v2\/pages\/94\/revisions"}],"predecessor-version":[{"id":193,"href":"https:\/\/petschool.ai\/de\/wp-json\/wp\/v2\/pages\/94\/revisions\/193"}],"wp:attachment":[{"href":"https:\/\/petschool.ai\/de\/wp-json\/wp\/v2\/media?parent=94"}],"curies":[{"name":"wp","href":"https:\/\/api.w.org\/{rel}","templated":true}]}}